{"id":11,"date":"2025-01-12T00:15:51","date_gmt":"2025-01-11T13:15:51","guid":{"rendered":"https:\/\/weseeyou.fr\/index.php\/home\/"},"modified":"2025-04-22T17:27:08","modified_gmt":"2025-04-22T06:27:08","slug":"accueil","status":"publish","type":"page","link":"https:\/\/weseeyou.fr\/","title":{"rendered":"Accueil"},"content":{"rendered":"","protected":false},"excerpt":{"rendered":"","protected":false},"author":1,"featured_media":0,"parent":0,"menu_order":0,"comment_status":"closed","ping_status":"closed","template":"page-templates\/frontpage.php","meta":{"footnotes":""},"class_list":["post-11","page","type-page","status-publish","hentry"],"yoast_head":"<!-- This site is optimized with the Yoast SEO plugin v27.5 - https:\/\/yoast.com\/product\/yoast-seo-wordpress\/ -->\n<title>- We See You, MUNZ FLOOR\u00ae \u00e0 Noum\u00e9a, Nouvelle-Cal\u00e9donie<\/title>\n<meta name=\"description\" content=\"Bienvenue chez WE SEE YOU, un espace d\u00e9di\u00e9 au bien-\u00eatre \u00e0 Noum\u00e9a, en Nouvelle-Cal\u00e9donie : d\u00e9couvrez le MUNZ FLOOR\u00ae et le yoga-sophrologie.\" \/>\n<meta name=\"robots\" content=\"index, follow, max-snippet:-1, max-image-preview:large, max-video-preview:-1\" \/>\n<link rel=\"canonical\" href=\"https:\/\/weseeyou.fr\/\" \/>\n<meta property=\"og:locale\" content=\"fr_FR\" \/>\n<meta property=\"og:type\" content=\"article\" \/>\n<meta property=\"og:title\" content=\"- We See You, MUNZ FLOOR\u00ae \u00e0 Noum\u00e9a, Nouvelle-Cal\u00e9donie\" \/>\n<meta property=\"og:description\" content=\"Bienvenue chez WE SEE YOU, un espace d\u00e9di\u00e9 au bien-\u00eatre \u00e0 Noum\u00e9a, en Nouvelle-Cal\u00e9donie : d\u00e9couvrez le MUNZ FLOOR\u00ae et le yoga-sophrologie.\" \/>\n<meta property=\"og:url\" content=\"https:\/\/weseeyou.fr\/\" \/>\n<meta property=\"og:site_name\" content=\"We See You, MUNZ FLOOR\u00ae \u00e0 Noum\u00e9a, Nouvelle-Cal\u00e9donie\" \/>\n<meta property=\"article:publisher\" content=\"https:\/\/www.facebook.com\/weseeyou.nc\" \/>\n<meta property=\"article:modified_time\" content=\"2025-04-22T06:27:08+00:00\" \/>\n<meta name=\"twitter:card\" content=\"summary_large_image\" \/>\n<script type=\"application\/ld+json\" class=\"yoast-schema-graph\">{\"@context\":\"https:\\\/\\\/schema.org\",\"@graph\":[{\"@type\":\"WebPage\",\"@id\":\"https:\\\/\\\/weseeyou.fr\\\/\",\"url\":\"https:\\\/\\\/weseeyou.fr\\\/\",\"name\":\"- We See You, MUNZ FLOOR\u00ae \u00e0 Noum\u00e9a, Nouvelle-Cal\u00e9donie\",\"isPartOf\":{\"@id\":\"https:\\\/\\\/weseeyou.fr\\\/#website\"},\"datePublished\":\"2025-01-11T13:15:51+00:00\",\"dateModified\":\"2025-04-22T06:27:08+00:00\",\"description\":\"Bienvenue chez WE SEE YOU, un espace d\u00e9di\u00e9 au bien-\u00eatre \u00e0 Noum\u00e9a, en Nouvelle-Cal\u00e9donie : d\u00e9couvrez le MUNZ FLOOR\u00ae et le yoga-sophrologie.\",\"breadcrumb\":{\"@id\":\"https:\\\/\\\/weseeyou.fr\\\/#breadcrumb\"},\"inLanguage\":\"fr-FR\",\"potentialAction\":[{\"@type\":\"ReadAction\",\"target\":[\"https:\\\/\\\/weseeyou.fr\\\/\"]}]},{\"@type\":\"BreadcrumbList\",\"@id\":\"https:\\\/\\\/weseeyou.fr\\\/#breadcrumb\",\"itemListElement\":[{\"@type\":\"ListItem\",\"position\":1,\"name\":\"Accueil\",\"item\":\"https:\\\/\\\/weseeyou.fr\\\/\"},{\"@type\":\"ListItem\",\"position\":2,\"name\":\"Accueil\"}]},{\"@type\":\"WebSite\",\"@id\":\"https:\\\/\\\/weseeyou.fr\\\/#website\",\"url\":\"https:\\\/\\\/weseeyou.fr\\\/\",\"name\":\"We See You\",\"description\":\"\",\"publisher\":{\"@id\":\"https:\\\/\\\/weseeyou.fr\\\/#organization\"},\"potentialAction\":[{\"@type\":\"SearchAction\",\"target\":{\"@type\":\"EntryPoint\",\"urlTemplate\":\"https:\\\/\\\/weseeyou.fr\\\/?s={search_term_string}\"},\"query-input\":{\"@type\":\"PropertyValueSpecification\",\"valueRequired\":true,\"valueName\":\"search_term_string\"}}],\"inLanguage\":\"fr-FR\"},{\"@type\":\"Organization\",\"@id\":\"https:\\\/\\\/weseeyou.fr\\\/#organization\",\"name\":\"We See You\",\"url\":\"https:\\\/\\\/weseeyou.fr\\\/\",\"logo\":{\"@type\":\"ImageObject\",\"inLanguage\":\"fr-FR\",\"@id\":\"https:\\\/\\\/weseeyou.fr\\\/#\\\/schema\\\/logo\\\/image\\\/\",\"url\":\"http:\\\/\\\/weseeyou.fr\\\/wp-content\\\/uploads\\\/2025\\\/04\\\/LOGO_NOIR-scaled.png\",\"contentUrl\":\"http:\\\/\\\/weseeyou.fr\\\/wp-content\\\/uploads\\\/2025\\\/04\\\/LOGO_NOIR-scaled.png\",\"width\":2560,\"height\":1024,\"caption\":\"We See You\"},\"image\":{\"@id\":\"https:\\\/\\\/weseeyou.fr\\\/#\\\/schema\\\/logo\\\/image\\\/\"},\"sameAs\":[\"https:\\\/\\\/www.facebook.com\\\/weseeyou.nc\"]}]}<\/script>\n<!-- \/ Yoast SEO plugin. -->","yoast_head_json":{"title":"- We See You, MUNZ FLOOR\u00ae \u00e0 Noum\u00e9a, Nouvelle-Cal\u00e9donie","description":"Bienvenue chez WE SEE YOU, un espace d\u00e9di\u00e9 au bien-\u00eatre \u00e0 Noum\u00e9a, en Nouvelle-Cal\u00e9donie : d\u00e9couvrez le MUNZ FLOOR\u00ae et le yoga-sophrologie.","robots":{"index":"index","follow":"follow","max-snippet":"max-snippet:-1","max-image-preview":"max-image-preview:large","max-video-preview":"max-video-preview:-1"},"canonical":"https:\/\/weseeyou.fr\/","og_locale":"fr_FR","og_type":"article","og_title":"- We See You, MUNZ FLOOR\u00ae \u00e0 Noum\u00e9a, Nouvelle-Cal\u00e9donie","og_description":"Bienvenue chez WE SEE YOU, un espace d\u00e9di\u00e9 au bien-\u00eatre \u00e0 Noum\u00e9a, en Nouvelle-Cal\u00e9donie : d\u00e9couvrez le MUNZ FLOOR\u00ae et le yoga-sophrologie.","og_url":"https:\/\/weseeyou.fr\/","og_site_name":"We See You, MUNZ FLOOR\u00ae \u00e0 Noum\u00e9a, Nouvelle-Cal\u00e9donie","article_publisher":"https:\/\/www.facebook.com\/weseeyou.nc","article_modified_time":"2025-04-22T06:27:08+00:00","twitter_card":"summary_large_image","schema":{"@context":"https:\/\/schema.org","@graph":[{"@type":"WebPage","@id":"https:\/\/weseeyou.fr\/","url":"https:\/\/weseeyou.fr\/","name":"- We See You, MUNZ FLOOR\u00ae \u00e0 Noum\u00e9a, Nouvelle-Cal\u00e9donie","isPartOf":{"@id":"https:\/\/weseeyou.fr\/#website"},"datePublished":"2025-01-11T13:15:51+00:00","dateModified":"2025-04-22T06:27:08+00:00","description":"Bienvenue chez WE SEE YOU, un espace d\u00e9di\u00e9 au bien-\u00eatre \u00e0 Noum\u00e9a, en Nouvelle-Cal\u00e9donie : d\u00e9couvrez le MUNZ FLOOR\u00ae et le yoga-sophrologie.","breadcrumb":{"@id":"https:\/\/weseeyou.fr\/#breadcrumb"},"inLanguage":"fr-FR","potentialAction":[{"@type":"ReadAction","target":["https:\/\/weseeyou.fr\/"]}]},{"@type":"BreadcrumbList","@id":"https:\/\/weseeyou.fr\/#breadcrumb","itemListElement":[{"@type":"ListItem","position":1,"name":"Accueil","item":"https:\/\/weseeyou.fr\/"},{"@type":"ListItem","position":2,"name":"Accueil"}]},{"@type":"WebSite","@id":"https:\/\/weseeyou.fr\/#website","url":"https:\/\/weseeyou.fr\/","name":"We See You","description":"","publisher":{"@id":"https:\/\/weseeyou.fr\/#organization"},"potentialAction":[{"@type":"SearchAction","target":{"@type":"EntryPoint","urlTemplate":"https:\/\/weseeyou.fr\/?s={search_term_string}"},"query-input":{"@type":"PropertyValueSpecification","valueRequired":true,"valueName":"search_term_string"}}],"inLanguage":"fr-FR"},{"@type":"Organization","@id":"https:\/\/weseeyou.fr\/#organization","name":"We See You","url":"https:\/\/weseeyou.fr\/","logo":{"@type":"ImageObject","inLanguage":"fr-FR","@id":"https:\/\/weseeyou.fr\/#\/schema\/logo\/image\/","url":"http:\/\/weseeyou.fr\/wp-content\/uploads\/2025\/04\/LOGO_NOIR-scaled.png","contentUrl":"http:\/\/weseeyou.fr\/wp-content\/uploads\/2025\/04\/LOGO_NOIR-scaled.png","width":2560,"height":1024,"caption":"We See You"},"image":{"@id":"https:\/\/weseeyou.fr\/#\/schema\/logo\/image\/"},"sameAs":["https:\/\/www.facebook.com\/weseeyou.nc"]}]}},"_links":{"self":[{"href":"https:\/\/weseeyou.fr\/index.php\/wp-json\/wp\/v2\/pages\/11","targetHints":{"allow":["GET"]}}],"collection":[{"href":"https:\/\/weseeyou.fr\/index.php\/wp-json\/wp\/v2\/pages"}],"about":[{"href":"https:\/\/weseeyou.fr\/index.php\/wp-json\/wp\/v2\/types\/page"}],"author":[{"embeddable":true,"href":"https:\/\/weseeyou.fr\/index.php\/wp-json\/wp\/v2\/users\/1"}],"replies":[{"embeddable":true,"href":"https:\/\/weseeyou.fr\/index.php\/wp-json\/wp\/v2\/comments?post=11"}],"version-history":[{"count":3,"href":"https:\/\/weseeyou.fr\/index.php\/wp-json\/wp\/v2\/pages\/11\/revisions"}],"predecessor-version":[{"id":635,"href":"https:\/\/weseeyou.fr\/index.php\/wp-json\/wp\/v2\/pages\/11\/revisions\/635"}],"wp:attachment":[{"href":"https:\/\/weseeyou.fr\/index.php\/wp-json\/wp\/v2\/media?parent=11"}],"curies":[{"name":"wp","href":"https:\/\/api.w.org\/{rel}","templated":true}]}}