{"id":188,"date":"2025-01-14T09:58:53","date_gmt":"2025-01-13T22:58:53","guid":{"rendered":"https:\/\/weseeyou.fr\/?page_id=188"},"modified":"2025-06-10T09:57:11","modified_gmt":"2025-06-09T22:57:11","slug":"contact","status":"publish","type":"page","link":"https:\/\/weseeyou.fr\/index.php\/contact\/","title":{"rendered":"Contact"},"content":{"rendered":"\n<h2 class=\"wp-block-heading\">Pour toute demande d&rsquo;inscription ou renseignement<\/h2>\n\n\n\n<p>T\u00e9l\u00e9phone \/ WhatsApp : +687 95 75 95<br>Email : houysy.yoga@gmail.com<br><a data-type=\"link\" data-id=\"https:\/\/www.facebook.com\/weseeyou.nc\" href=\"https:\/\/www.facebook.com\/weseeyou.nc\">Notre page Facebook<\/a><\/p>\n\n\n\n<details class=\"wp-block-details is-layout-flow wp-block-details-is-layout-flow\"><summary>Cliquez ici pour nous envoyer un message<\/summary>\n<div class=\"wp-block-contact-form-7-contact-form-selector\">\n<div class=\"wpcf7 no-js\" id=\"wpcf7-f582-o1\" lang=\"fr-FR\" dir=\"ltr\" data-wpcf7-id=\"582\">\n<div class=\"screen-reader-response\"><p role=\"status\" aria-live=\"polite\" aria-atomic=\"true\"><\/p> <ul><\/ul><\/div>\n<form action=\"\/index.php\/wp-json\/wp\/v2\/pages\/188#wpcf7-f582-o1\" method=\"post\" class=\"wpcf7-form init\" aria-label=\"Formulaire de contact\" novalidate=\"novalidate\" data-status=\"init\">\n<fieldset class=\"hidden-fields-container\"><input type=\"hidden\" name=\"_wpcf7\" value=\"582\" \/><input type=\"hidden\" name=\"_wpcf7_version\" value=\"6.1.5\" \/><input type=\"hidden\" name=\"_wpcf7_locale\" value=\"fr_FR\" \/><input type=\"hidden\" name=\"_wpcf7_unit_tag\" value=\"wpcf7-f582-o1\" \/><input type=\"hidden\" name=\"_wpcf7_container_post\" value=\"0\" \/><input type=\"hidden\" name=\"_wpcf7_posted_data_hash\" value=\"\" \/>\n<\/fieldset>\n<p><label> Votre nom<br \/>\n<span class=\"wpcf7-form-control-wrap\" data-name=\"your-name\"><input size=\"40\" maxlength=\"400\" class=\"wpcf7-form-control wpcf7-text wpcf7-validates-as-required\" autocomplete=\"name\" aria-required=\"true\" aria-invalid=\"false\" value=\"\" type=\"text\" name=\"your-name\" \/><\/span> <\/label>\n<\/p>\n<p><label> Votre e-mail<br \/>\n<span class=\"wpcf7-form-control-wrap\" data-name=\"your-email\"><input size=\"40\" maxlength=\"400\" class=\"wpcf7-form-control wpcf7-email wpcf7-validates-as-required wpcf7-text wpcf7-validates-as-email\" autocomplete=\"email\" aria-required=\"true\" aria-invalid=\"false\" value=\"\" type=\"email\" name=\"your-email\" \/><\/span> <\/label>\n<\/p>\n<p><label> Votre message<br \/>\n<span class=\"wpcf7-form-control-wrap\" data-name=\"your-message\"><textarea cols=\"40\" rows=\"10\" maxlength=\"2000\" class=\"wpcf7-form-control wpcf7-textarea wpcf7-validates-as-required\" aria-required=\"true\" aria-invalid=\"false\" name=\"your-message\"><\/textarea><\/span> <\/label>\n<\/p>\n<p><input class=\"wpcf7-form-control wpcf7-submit has-spinner\" type=\"submit\" value=\"Envoyer\" \/>\n<\/p><div class=\"wpcf7-response-output\" aria-hidden=\"true\"><\/div>\n<\/form>\n<\/div>\n<\/div>\n<\/details>\n\n\n\n<div style=\"height:20px\" aria-hidden=\"true\" class=\"wp-block-spacer\"><\/div>\n\n\n\n<h2 class=\"wp-block-heading\">Adresse<\/h2>\n\n\n\n<p>Immeuble La Kaori, 3\u00e8me \u00e9tage<br>45 bis route du Port Despointes, Faubourg Blanchot, Noum\u00e9a<\/p>\n\n\n\n<iframe src=\"https:\/\/www.google.com\/maps\/embed?pb=!1m18!1m12!1m3!1d3691.935166936488!2d166.44957037610985!3d-22.28044561578843!2m3!1f0!2f0!3f0!3m2!1i1024!2i768!4f13.1!3m3!1m2!1s0x6c27e2816bcd1e3b%3A0x4768940b38e5d3cd!2s45%20bis%20Rte%20du%20Port%20Despointes%2C%20Noum%C3%A9a%2098800%2C%20Nouvelle-Cal%C3%A9donie!5e0!3m2!1sfr!2sfr!4v1736809251381!5m2!1sfr!2sfr\" width=\"600\" height=\"450\" style=\"border:0;\" allowfullscreen=\"\" loading=\"lazy\" referrerpolicy=\"no-referrer-when-downgrade\"><\/iframe>\n","protected":false},"excerpt":{"rendered":"<p>Pour toute demande d&rsquo;inscription ou renseignement T\u00e9l\u00e9phone \/ WhatsApp : +687 95 75 95Email : houysy.yoga@gmail.comNotre page Facebook Adresse Immeuble La Kaori, 3\u00e8me \u00e9tage45 bis route du Port Despointes, Faubourg Blanchot, Noum\u00e9a<\/p>\n","protected":false},"author":1,"featured_media":0,"parent":0,"menu_order":0,"comment_status":"closed","ping_status":"closed","template":"","meta":{"footnotes":""},"class_list":["post-188","page","type-page","status-publish","hentry"],"yoast_head":"<!-- This site is optimized with the Yoast SEO plugin v27.5 - https:\/\/yoast.com\/product\/yoast-seo-wordpress\/ -->\n<title>Contact - We See You, MUNZ FLOOR\u00ae \u00e0 Noum\u00e9a, Nouvelle-Cal\u00e9donie<\/title>\n<meta name=\"description\" content=\"Vous avez une question ou souhaitez r\u00e9server une s\u00e9ance ? Contactez WE SEE YOU, votre espace bien-\u00eatre \u00e0 Noum\u00e9a.\" \/>\n<meta name=\"robots\" content=\"index, follow, max-snippet:-1, max-image-preview:large, max-video-preview:-1\" \/>\n<link rel=\"canonical\" href=\"https:\/\/weseeyou.fr\/index.php\/contact\/\" \/>\n<meta property=\"og:locale\" content=\"fr_FR\" \/>\n<meta property=\"og:type\" content=\"article\" \/>\n<meta property=\"og:title\" content=\"Contact - We See You, MUNZ FLOOR\u00ae \u00e0 Noum\u00e9a, Nouvelle-Cal\u00e9donie\" \/>\n<meta property=\"og:description\" content=\"Vous avez une question ou souhaitez r\u00e9server une s\u00e9ance ? Contactez WE SEE YOU, votre espace bien-\u00eatre \u00e0 Noum\u00e9a.\" \/>\n<meta property=\"og:url\" content=\"https:\/\/weseeyou.fr\/index.php\/contact\/\" \/>\n<meta property=\"og:site_name\" content=\"We See You, MUNZ FLOOR\u00ae \u00e0 Noum\u00e9a, Nouvelle-Cal\u00e9donie\" \/>\n<meta property=\"article:publisher\" content=\"https:\/\/www.facebook.com\/weseeyou.nc\" \/>\n<meta property=\"article:modified_time\" content=\"2025-06-09T22:57:11+00:00\" \/>\n<meta name=\"twitter:card\" content=\"summary_large_image\" \/>\n<meta name=\"twitter:label1\" content=\"Dur\u00e9e de lecture estim\u00e9e\" \/>\n\t<meta name=\"twitter:data1\" content=\"1 minute\" \/>\n<script type=\"application\/ld+json\" class=\"yoast-schema-graph\">{\"@context\":\"https:\\\/\\\/schema.org\",\"@graph\":[{\"@type\":\"WebPage\",\"@id\":\"https:\\\/\\\/weseeyou.fr\\\/index.php\\\/contact\\\/\",\"url\":\"https:\\\/\\\/weseeyou.fr\\\/index.php\\\/contact\\\/\",\"name\":\"Contact - We See You, MUNZ FLOOR\u00ae \u00e0 Noum\u00e9a, Nouvelle-Cal\u00e9donie\",\"isPartOf\":{\"@id\":\"https:\\\/\\\/weseeyou.fr\\\/#website\"},\"datePublished\":\"2025-01-13T22:58:53+00:00\",\"dateModified\":\"2025-06-09T22:57:11+00:00\",\"description\":\"Vous avez une question ou souhaitez r\u00e9server une s\u00e9ance ? Contactez WE SEE YOU, votre espace bien-\u00eatre \u00e0 Noum\u00e9a.\",\"breadcrumb\":{\"@id\":\"https:\\\/\\\/weseeyou.fr\\\/index.php\\\/contact\\\/#breadcrumb\"},\"inLanguage\":\"fr-FR\",\"potentialAction\":[{\"@type\":\"ReadAction\",\"target\":[\"https:\\\/\\\/weseeyou.fr\\\/index.php\\\/contact\\\/\"]}]},{\"@type\":\"BreadcrumbList\",\"@id\":\"https:\\\/\\\/weseeyou.fr\\\/index.php\\\/contact\\\/#breadcrumb\",\"itemListElement\":[{\"@type\":\"ListItem\",\"position\":1,\"name\":\"Accueil\",\"item\":\"https:\\\/\\\/weseeyou.fr\\\/\"},{\"@type\":\"ListItem\",\"position\":2,\"name\":\"Contact\"}]},{\"@type\":\"WebSite\",\"@id\":\"https:\\\/\\\/weseeyou.fr\\\/#website\",\"url\":\"https:\\\/\\\/weseeyou.fr\\\/\",\"name\":\"We See You\",\"description\":\"\",\"publisher\":{\"@id\":\"https:\\\/\\\/weseeyou.fr\\\/#organization\"},\"potentialAction\":[{\"@type\":\"SearchAction\",\"target\":{\"@type\":\"EntryPoint\",\"urlTemplate\":\"https:\\\/\\\/weseeyou.fr\\\/?s={search_term_string}\"},\"query-input\":{\"@type\":\"PropertyValueSpecification\",\"valueRequired\":true,\"valueName\":\"search_term_string\"}}],\"inLanguage\":\"fr-FR\"},{\"@type\":\"Organization\",\"@id\":\"https:\\\/\\\/weseeyou.fr\\\/#organization\",\"name\":\"We See You\",\"url\":\"https:\\\/\\\/weseeyou.fr\\\/\",\"logo\":{\"@type\":\"ImageObject\",\"inLanguage\":\"fr-FR\",\"@id\":\"https:\\\/\\\/weseeyou.fr\\\/#\\\/schema\\\/logo\\\/image\\\/\",\"url\":\"http:\\\/\\\/weseeyou.fr\\\/wp-content\\\/uploads\\\/2025\\\/04\\\/LOGO_NOIR-scaled.png\",\"contentUrl\":\"http:\\\/\\\/weseeyou.fr\\\/wp-content\\\/uploads\\\/2025\\\/04\\\/LOGO_NOIR-scaled.png\",\"width\":2560,\"height\":1024,\"caption\":\"We See You\"},\"image\":{\"@id\":\"https:\\\/\\\/weseeyou.fr\\\/#\\\/schema\\\/logo\\\/image\\\/\"},\"sameAs\":[\"https:\\\/\\\/www.facebook.com\\\/weseeyou.nc\"]}]}<\/script>\n<!-- \/ Yoast SEO plugin. -->","yoast_head_json":{"title":"Contact - We See You, MUNZ FLOOR\u00ae \u00e0 Noum\u00e9a, Nouvelle-Cal\u00e9donie","description":"Vous avez une question ou souhaitez r\u00e9server une s\u00e9ance ? Contactez WE SEE YOU, votre espace bien-\u00eatre \u00e0 Noum\u00e9a.","robots":{"index":"index","follow":"follow","max-snippet":"max-snippet:-1","max-image-preview":"max-image-preview:large","max-video-preview":"max-video-preview:-1"},"canonical":"https:\/\/weseeyou.fr\/index.php\/contact\/","og_locale":"fr_FR","og_type":"article","og_title":"Contact - We See You, MUNZ FLOOR\u00ae \u00e0 Noum\u00e9a, Nouvelle-Cal\u00e9donie","og_description":"Vous avez une question ou souhaitez r\u00e9server une s\u00e9ance ? Contactez WE SEE YOU, votre espace bien-\u00eatre \u00e0 Noum\u00e9a.","og_url":"https:\/\/weseeyou.fr\/index.php\/contact\/","og_site_name":"We See You, MUNZ FLOOR\u00ae \u00e0 Noum\u00e9a, Nouvelle-Cal\u00e9donie","article_publisher":"https:\/\/www.facebook.com\/weseeyou.nc","article_modified_time":"2025-06-09T22:57:11+00:00","twitter_card":"summary_large_image","twitter_misc":{"Dur\u00e9e de lecture estim\u00e9e":"1 minute"},"schema":{"@context":"https:\/\/schema.org","@graph":[{"@type":"WebPage","@id":"https:\/\/weseeyou.fr\/index.php\/contact\/","url":"https:\/\/weseeyou.fr\/index.php\/contact\/","name":"Contact - We See You, MUNZ FLOOR\u00ae \u00e0 Noum\u00e9a, Nouvelle-Cal\u00e9donie","isPartOf":{"@id":"https:\/\/weseeyou.fr\/#website"},"datePublished":"2025-01-13T22:58:53+00:00","dateModified":"2025-06-09T22:57:11+00:00","description":"Vous avez une question ou souhaitez r\u00e9server une s\u00e9ance ? Contactez WE SEE YOU, votre espace bien-\u00eatre \u00e0 Noum\u00e9a.","breadcrumb":{"@id":"https:\/\/weseeyou.fr\/index.php\/contact\/#breadcrumb"},"inLanguage":"fr-FR","potentialAction":[{"@type":"ReadAction","target":["https:\/\/weseeyou.fr\/index.php\/contact\/"]}]},{"@type":"BreadcrumbList","@id":"https:\/\/weseeyou.fr\/index.php\/contact\/#breadcrumb","itemListElement":[{"@type":"ListItem","position":1,"name":"Accueil","item":"https:\/\/weseeyou.fr\/"},{"@type":"ListItem","position":2,"name":"Contact"}]},{"@type":"WebSite","@id":"https:\/\/weseeyou.fr\/#website","url":"https:\/\/weseeyou.fr\/","name":"We See You","description":"","publisher":{"@id":"https:\/\/weseeyou.fr\/#organization"},"potentialAction":[{"@type":"SearchAction","target":{"@type":"EntryPoint","urlTemplate":"https:\/\/weseeyou.fr\/?s={search_term_string}"},"query-input":{"@type":"PropertyValueSpecification","valueRequired":true,"valueName":"search_term_string"}}],"inLanguage":"fr-FR"},{"@type":"Organization","@id":"https:\/\/weseeyou.fr\/#organization","name":"We See You","url":"https:\/\/weseeyou.fr\/","logo":{"@type":"ImageObject","inLanguage":"fr-FR","@id":"https:\/\/weseeyou.fr\/#\/schema\/logo\/image\/","url":"http:\/\/weseeyou.fr\/wp-content\/uploads\/2025\/04\/LOGO_NOIR-scaled.png","contentUrl":"http:\/\/weseeyou.fr\/wp-content\/uploads\/2025\/04\/LOGO_NOIR-scaled.png","width":2560,"height":1024,"caption":"We See You"},"image":{"@id":"https:\/\/weseeyou.fr\/#\/schema\/logo\/image\/"},"sameAs":["https:\/\/www.facebook.com\/weseeyou.nc"]}]}},"_links":{"self":[{"href":"https:\/\/weseeyou.fr\/index.php\/wp-json\/wp\/v2\/pages\/188","targetHints":{"allow":["GET"]}}],"collection":[{"href":"https:\/\/weseeyou.fr\/index.php\/wp-json\/wp\/v2\/pages"}],"about":[{"href":"https:\/\/weseeyou.fr\/index.php\/wp-json\/wp\/v2\/types\/page"}],"author":[{"embeddable":true,"href":"https:\/\/weseeyou.fr\/index.php\/wp-json\/wp\/v2\/users\/1"}],"replies":[{"embeddable":true,"href":"https:\/\/weseeyou.fr\/index.php\/wp-json\/wp\/v2\/comments?post=188"}],"version-history":[{"count":12,"href":"https:\/\/weseeyou.fr\/index.php\/wp-json\/wp\/v2\/pages\/188\/revisions"}],"predecessor-version":[{"id":662,"href":"https:\/\/weseeyou.fr\/index.php\/wp-json\/wp\/v2\/pages\/188\/revisions\/662"}],"wp:attachment":[{"href":"https:\/\/weseeyou.fr\/index.php\/wp-json\/wp\/v2\/media?parent=188"}],"curies":[{"name":"wp","href":"https:\/\/api.w.org\/{rel}","templated":true}]}}