{"id":71,"date":"2025-01-12T11:55:13","date_gmt":"2025-01-12T00:55:13","guid":{"rendered":"https:\/\/weseeyou.fr\/?page_id=71"},"modified":"2026-04-24T09:28:51","modified_gmt":"2026-04-23T22:28:51","slug":"munz-floor-noumea-nouvelle-caledonie","status":"publish","type":"page","link":"https:\/\/weseeyou.fr\/index.php\/munz-floor-noumea-nouvelle-caledonie\/","title":{"rendered":"MUNZ FLOOR\u00ae"},"content":{"rendered":"\n<h1 class=\"wp-block-heading has-text-align-center\"><mark style=\"background-color:rgba(0, 0, 0, 0)\" class=\"has-inline-color has-black-color\">OFFREZ-VOUS UN REBOOT VERTEBRAL<\/mark><\/h1>\n\n\n\n<div style=\"height:20px\" aria-hidden=\"true\" class=\"wp-block-spacer\"><\/div>\n\n\n\n<div class=\"wp-block-cover is-light\"><img loading=\"lazy\" decoding=\"async\" width=\"1024\" height=\"942\" class=\"wp-block-cover__image-background wp-image-744 size-large\" alt=\"\" src=\"https:\/\/weseeyou.fr\/wp-content\/uploads\/2026\/04\/munz-floor-noumea-2-1024x942.png\" data-object-fit=\"cover\" srcset=\"https:\/\/weseeyou.fr\/wp-content\/uploads\/2026\/04\/munz-floor-noumea-2-1024x942.png 1024w, https:\/\/weseeyou.fr\/wp-content\/uploads\/2026\/04\/munz-floor-noumea-2-300x276.png 300w, https:\/\/weseeyou.fr\/wp-content\/uploads\/2026\/04\/munz-floor-noumea-2-768x707.png 768w, https:\/\/weseeyou.fr\/wp-content\/uploads\/2026\/04\/munz-floor-noumea-2.png 1080w\" sizes=\"auto, (max-width: 1024px) 100vw, 1024px\" \/><span aria-hidden=\"true\" class=\"wp-block-cover__background has-background-dim\" style=\"background-color:#b0917c\"><\/span><div class=\"wp-block-cover__inner-container is-layout-flow wp-block-cover-is-layout-flow\">\n<h2 class=\"wp-block-heading has-text-align-center has-large-font-size\"><mark style=\"background-color:rgba(0, 0, 0, 0)\" class=\"has-inline-color has-white-color\">R\u00e9hydratez vos fascias, lib\u00e9rez vos tensions, soulagez votre dos, gr\u00e2ce \u00e0 des mouvements spiral\u00e9s doux<\/mark><\/h2>\n\n\n\n<p><\/p>\n<\/div><\/div>\n\n\n\n<div style=\"height:20px\" aria-hidden=\"true\" class=\"wp-block-spacer\"><\/div>\n\n\n\n<div style=\"height:20px\" aria-hidden=\"true\" class=\"wp-block-spacer\"><\/div>\n\n\n\n<p>Envie d\u2019essayer le MUNZ FLOOR\u00ae \u00e0 Noum\u00e9a en Nouvelle-Cal\u00e9donie ? Une m\u00e9thode douce et efficace pour vous r\u00e9g\u00e9n\u00e9rer !<\/p>\n\n\n\n<h2 class=\"wp-block-heading\">D\u00e9couvrez le MUNZ FLOOR\u00ae<\/h2>\n\n\n\n<p><strong><a href=\"https:\/\/maisonmunz.com\/\">La m\u00e9thode MUNZ FLOOR\u00ae<\/a><\/strong> est une pratique corporelle innovante, d\u00e9velopp\u00e9e par <strong>Alexandre Munz<\/strong>, ancien danseur \u00e9toile. Bas\u00e9e sur des principes neuro-m\u00e9caniques, elle vise \u00e0 lib\u00e9rer les tensions accumul\u00e9es dans le corps, am\u00e9liorer la posture, muscler les cha\u00eenes musculaires crois\u00e9es profondes, et renforcer les capacit\u00e9s naturelles d\u2019auto-r\u00e9g\u00e9n\u00e9ration du corps. Puissante contre le mal de dos, elle apporte une plus grande mobilit\u00e9 de la colonne vert\u00e9brale gr\u00e2ce \u00e0 des strat\u00e9gies motrices spiral\u00e9es.<br>Nous proposons des s\u00e9ances adapt\u00e9es \u00e0 tous \u00e0 Noum\u00e9a ou en visio : venez d\u00e9couvrir cette m\u00e9thode unique et ressentir ses bienfaits !<\/p>\n\n\n\n<h2 class=\"wp-block-heading\">Une m\u00e9thode douce et efficace<\/h2>\n\n\n<div class=\"wp-block-image\">\n<figure class=\"aligncenter size-large is-resized\"><img loading=\"lazy\" decoding=\"async\" width=\"1024\" height=\"768\" src=\"https:\/\/weseeyou.fr\/wp-content\/uploads\/2026\/04\/munz-floor-noumea-4-1024x768.jpg\" alt=\"\" class=\"wp-image-745\" style=\"width:618px;height:auto\" srcset=\"https:\/\/weseeyou.fr\/wp-content\/uploads\/2026\/04\/munz-floor-noumea-4-1024x768.jpg 1024w, https:\/\/weseeyou.fr\/wp-content\/uploads\/2026\/04\/munz-floor-noumea-4-300x225.jpg 300w, https:\/\/weseeyou.fr\/wp-content\/uploads\/2026\/04\/munz-floor-noumea-4-768x576.jpg 768w, https:\/\/weseeyou.fr\/wp-content\/uploads\/2026\/04\/munz-floor-noumea-4-1536x1152.jpg 1536w, https:\/\/weseeyou.fr\/wp-content\/uploads\/2026\/04\/munz-floor-noumea-4-2048x1536.jpg 2048w\" sizes=\"auto, (max-width: 1024px) 100vw, 1024px\" \/><\/figure>\n<\/div>\n\n\n<div style=\"height:20px\" aria-hidden=\"true\" class=\"wp-block-spacer\"><\/div>\n\n\n\n<div class=\"wp-block-group\"><div class=\"wp-block-group__inner-container is-layout-constrained wp-block-group-is-layout-constrained\">\n<details class=\"wp-block-details is-layout-flow wp-block-details-is-layout-flow\"><summary><strong>Les bienfaits<\/strong><\/summary>\n<ul class=\"wp-block-list\">\n<li>D\u00e9compression de la colonne vert\u00e9brale<\/li>\n\n\n\n<li>Soulagement des douleurs dorsales, lombaires et cervicales<\/li>\n\n\n\n<li>Lib\u00e9ration des tensions articulaires<\/li>\n\n\n\n<li>Apaisement des douleurs chroniques<\/li>\n\n\n\n<li>Am\u00e9lioration de la souplesse<\/li>\n\n\n\n<li>Renforcement des cha\u00eenes musculaires crois\u00e9es<\/li>\n\n\n\n<li>R\u00e9g\u00e9n\u00e9ration cellulaire et hydratation des fascias<\/li>\n\n\n\n<li>R\u00e9duction du stress et lib\u00e9ration mentale<\/li>\n\n\n\n<li>Stimulation de la lib\u00e9ration d&rsquo;endorphines<\/li>\n\n\n\n<li>Effet anti-inflammatoire naturel<\/li>\n\n\n\n<li>Am\u00e9lioration de la posture globale<\/li>\n\n\n\n<li>Optimisation des capacit\u00e9s naturelles du corps<\/li>\n\n\n\n<li>\u00c9nergie renouvel\u00e9e<\/li>\n<\/ul>\n\n\n\n<p>Gr\u00e2ce \u00e0 une pratique r\u00e9guli\u00e8re, de nombreux pratiquants de MUNZ FLOOR\u00ae ont constat\u00e9 un soulagement voire une disparition compl\u00e8te de diverses pathologies telles que : acouph\u00e8nes, r\u00e8gles douloureuses, bruxisme, adh\u00e9rences cicatricielles post-op\u00e9ratoires, fibromyalgie, migraines, reflux, et bien d\u2019autres.<\/p>\n<\/details>\n\n\n\n<div style=\"height:20px\" aria-hidden=\"true\" class=\"wp-block-spacer\"><\/div>\n\n\n\n<details class=\"wp-block-details is-layout-flow wp-block-details-is-layout-flow\"><summary><strong>Pour qui ?<\/strong><\/summary>\n<p>Le MUNZ FLOOR\u00ae est accessible \u00e0 tous, quels que soit l\u2019\u00e2ge ou la condition physique.<br>Chacun explore les mouvements dans le respect de ses capacit\u00e9s et amplitudes, en \u00e9voluant \u00e0 son propre rythme, en harmonie avec son corps.<br>Cette m\u00e9thode s\u2019adresse notamment aux personnes souhaitant soulager leurs tensions chroniques, aux sportifs ou danseurs d\u00e9sirant optimiser leur potentiel physique tout en acc\u00e9l\u00e9rant leur r\u00e9cup\u00e9ration, et \u00e0 celles et ceux cherchant une pratique douce et apaisante pour mieux g\u00e9rer le stress.<br><strong><span style=\"text-decoration:underline;\">Contre-indications<\/span> :<\/strong> Le MUNZ FLOOR\u00ae est d\u00e9conseill\u00e9 en p\u00e9riode de douleur aigu\u00eb, en cas de blessure ou d&rsquo;op\u00e9ration chirurgicale r\u00e9cente, et pendant la grossesse. Toutefois, les s\u00e9ances seront id\u00e9ales apr\u00e8s l&rsquo;accouchement.<\/p>\n<\/details>\n\n\n\n<div style=\"height:20px\" aria-hidden=\"true\" class=\"wp-block-spacer\"><\/div>\n\n\n\n<details class=\"wp-block-details is-layout-flow wp-block-details-is-layout-flow\"><summary><strong>Comment se d\u00e9roule une s\u00e9ance ?<\/strong><\/summary>\n<p>Allong\u00e9 au sol tout au long de la s\u00e9ance (dur\u00e9e: 1 heure), le corps se lib\u00e8re des contraintes gravitationnelles qui p\u00e8sent sur la colonne vert\u00e9brale: vous effectuez des mouvements fluides et progressifs, dans une extr\u00eame lenteur, \u00e0 l\u2019\u00e9coute de vos sensations.<br>Laissez-vous guider pas \u00e0 pas par la voix du Coach MUNZ FLOOR\u00ae: vous apprenez en temps r\u00e9el chaque mouvement, vous r\u00e9alisez des spirales, des rotations et contre-rotations. Plong\u00e9 dans un \u00e9tat m\u00e9ditatif, vous vous auto-massez, en tonifiant vos muscles profonds, et en d\u00e9tendant vos muscles superficiels. Vos fascias s&rsquo;activent, se fluidifient, retrouvent leur mobilit\u00e9, tandis que la colonne se d\u00e9compresse en douceur, laissant une sensation d\u2019espace et de l\u00e9g\u00e8ret\u00e9 entre la t\u00eate, la cage thoracique et le bassin.<\/p>\n<\/details>\n\n\n\n<div style=\"height:20px\" aria-hidden=\"true\" class=\"wp-block-spacer\"><\/div>\n\n\n\n<details class=\"wp-block-details is-layout-flow wp-block-details-is-layout-flow\"><summary><strong>Cours en pr\u00e9sentiel ou en ligne ?<\/strong><\/summary>\n<ul class=\"wp-block-list\">\n<li><strong>En pr\u00e9sentiel :<\/strong> Les cours ont lieu \u00e0 Noum\u00e9a, au Faubourg Blanchot <a href=\"https:\/\/weseeyou.fr\/index.php\/contact\/\" data-type=\"page\" data-id=\"188\">(Voir la carte)<\/a>. <br>Des cours \u00e0 domicile ou pour des groupes priv\u00e9s sont \u00e9galement possibles sur demande.<\/li>\n\n\n\n<li><strong>En visioconf\u00e9rence :<\/strong> La m\u00e9thode MUNZ FLOOR\u00ae est particuli\u00e8rement adapt\u00e9e au format en ligne, en vous offrant la libert\u00e9 de pratiquer depuis chez vous, o\u00f9 que vous soyez, sans contrainte de d\u00e9placement. Il s\u2019int\u00e8gre facilement \u00e0 votre emploi du temps et permet de profiter pleinement des bienfaits de la m\u00e9thode : le guidage exclusivement vocal permet une exp\u00e9rience intense, comme si le Coach \u00e9tait \u00e0 vos c\u00f4t\u00e9s.<br>Les cours en visioconf\u00e9rence seront propos\u00e9s selon la demande. <strong>Int\u00e9ress\u00e9(e)<\/strong> ? N&rsquo;h\u00e9sitez pas \u00e0 nous le faire savoir en <a href=\"https:\/\/weseeyou.fr\/index.php\/contact\/\" data-type=\"page\" data-id=\"188\">nous contactant<\/a> pour l\u2019ouverture de cr\u00e9neaux adapt\u00e9s !<\/li>\n<\/ul>\n<\/details>\n\n\n\n<div style=\"height:20px\" aria-hidden=\"true\" class=\"wp-block-spacer\"><\/div>\n\n\n\n<details class=\"wp-block-details is-layout-flow wp-block-details-is-layout-flow\"><summary><strong>De quoi avez-vous besoin pour votre s\u00e9ance ?<\/strong><\/summary>\n<ul class=\"wp-block-list\">\n<li><strong>V\u00eatements<\/strong> : Privil\u00e9giez des v\u00eatements souples et confortables, comme un legging \/short et un t-shirt. Les s\u00e9ances se d\u00e9roulent pieds nus ou en chaussettes pour faciliter les sensations de glissement des pieds sur le sol.<\/li>\n\n\n\n<li><strong>Tapis<\/strong> : Un tapis de yoga est conseill\u00e9 pour votre confort, mais reste optionnel.<\/li>\n\n\n\n<li><strong>Bouteille d&rsquo;eau<\/strong> : Pensez \u00e0 apporter une gourde pour vous hydrater apr\u00e8s la s\u00e9ance.<\/li>\n<\/ul>\n<\/details>\n\n\n\n<div style=\"height:20px\" aria-hidden=\"true\" class=\"wp-block-spacer\"><\/div>\n\n\n\n<details class=\"wp-block-details is-layout-flow wp-block-details-is-layout-flow\"><summary><strong>Comment organiser votre espace pour un cours en ligne ?<\/strong><\/summary>\n<p>Pour profiter pleinement des s\u00e9ances en visio, voici quelques conseils pour organiser votre espace :<\/p>\n\n\n\n<ul class=\"wp-block-list\">\n<li><strong>Internet<\/strong> : Une bonne connexion internet est essentielle pour suivre la s\u00e9ance sans interruption<\/li>\n\n\n\n<li><strong>Espace au sol<\/strong> : Pr\u00e9voyez suffisamment d\u2019espace autour de vous, id\u00e9alement 2,50 m de chaque c\u00f4t\u00e9, pour ex\u00e9cuter les mouvements en toute libert\u00e9<\/li>\n\n\n\n<li><strong>Position de la cam\u00e9ra<\/strong> : L&rsquo;ordinateur (ou la tablette) doit \u00eatre plac\u00e9 en hauteur (sur un bureau ou une chaise) avec un angle plongeant sur le tapis. Assurez-vous d&rsquo;avoir un recul suffisant pour que tout votre corps soit visible \u00e0 la cam\u00e9ra<\/li>\n\n\n\n<li><strong>Orientation du corps<\/strong> : Dirigez votre t\u00eate vers la cam\u00e9ra, les pieds \u00e0 l&rsquo;oppos\u00e9<\/li>\n\n\n\n<li><strong>\u00c9clairage<\/strong> : \u00c9vitez les contre-jours en pla\u00e7ant la lumi\u00e8re de fa\u00e7on \u00e0 bien \u00e9clairer votre espace<\/li>\n\n\n\n<li><strong>V\u00eatements<\/strong> : Privil\u00e9giez des v\u00eatements de couleurs claires pour une meilleure visibilit\u00e9<\/li>\n\n\n\n<li><strong>Connexion anticip\u00e9e<\/strong> : pensez \u00e0 vous connecter 10 minutes avant pour ajuster les r\u00e9glages vid\u00e9o ensemble<\/li>\n<\/ul>\n<\/details>\n\n\n\n<div style=\"height:40px\" aria-hidden=\"true\" class=\"wp-block-spacer\"><\/div>\n<\/div><\/div>\n\n\n<div class=\"wp-block-image\">\n<figure class=\"aligncenter size-large is-resized\"><img loading=\"lazy\" decoding=\"async\" width=\"1024\" height=\"584\" src=\"https:\/\/weseeyou.fr\/wp-content\/uploads\/2025\/04\/munz-floor-noumea-3-1024x584.jpg\" alt=\"Munz Floor, Noum\u00e9a, Nouvelle-Cal\u00e9donie\" class=\"wp-image-636\" style=\"width:618px;height:auto\" srcset=\"https:\/\/weseeyou.fr\/wp-content\/uploads\/2025\/04\/munz-floor-noumea-3-1024x584.jpg 1024w, https:\/\/weseeyou.fr\/wp-content\/uploads\/2025\/04\/munz-floor-noumea-3-300x171.jpg 300w, https:\/\/weseeyou.fr\/wp-content\/uploads\/2025\/04\/munz-floor-noumea-3-768x438.jpg 768w, https:\/\/weseeyou.fr\/wp-content\/uploads\/2025\/04\/munz-floor-noumea-3.jpg 1536w\" sizes=\"auto, (max-width: 1024px) 100vw, 1024px\" \/><\/figure>\n<\/div>\n\n\n<div style=\"height:40px\" aria-hidden=\"true\" class=\"wp-block-spacer\"><\/div>\n\n\n\n<div class=\"wp-block-group alignfull has-text-color has-background\" style=\"color:#000000;background-color:#ffffff\"><div class=\"wp-block-group__inner-container is-layout-flow wp-block-group-is-layout-flow\">\n<h2 class=\"wp-block-heading has-text-align-center\" id=\"schedule-a-visit\" style=\"font-size:59px;line-height:1.15\"><strong>Envie d&rsquo;essayer ?<\/strong><\/h2>\n\n\n\n<div style=\"height:20px\" aria-hidden=\"true\" class=\"wp-block-spacer\"><\/div>\n\n\n\n<div class=\"wp-block-buttons is-horizontal is-content-justification-center is-layout-flex wp-container-core-buttons-is-layout-499968f5 wp-block-buttons-is-layout-flex\">\n<div class=\"wp-block-button has-custom-width wp-block-button__width-50\"><a class=\"wp-block-button__link has-text-color has-background wp-element-button\" href=\"https:\/\/weseeyou.fr\/index.php\/planning\" style=\"border-radius:50px;color:#ffffff;background-color:#000000\">D\u00e9couvrez le planning<\/a><\/div>\n<\/div>\n<\/div><\/div>\n","protected":false},"excerpt":{"rendered":"<p>OFFREZ-VOUS UN REBOOT VERTEBRAL Envie d\u2019essayer le MUNZ FLOOR\u00ae \u00e0 Noum\u00e9a en Nouvelle-Cal\u00e9donie ? Une m\u00e9thode douce et efficace pour vous r\u00e9g\u00e9n\u00e9rer ! D\u00e9couvrez le MUNZ FLOOR\u00ae La m\u00e9thode MUNZ FLOOR\u00ae est une pratique corporelle innovante, d\u00e9velopp\u00e9e par Alexandre Munz, ancien danseur \u00e9toile. Bas\u00e9e sur des principes neuro-m\u00e9caniques, elle vise \u00e0 lib\u00e9rer les tensions accumul\u00e9es [&hellip;]<\/p>\n","protected":false},"author":1,"featured_media":0,"parent":0,"menu_order":0,"comment_status":"closed","ping_status":"closed","template":"","meta":{"footnotes":""},"class_list":["post-71","page","type-page","status-publish","hentry"],"yoast_head":"<!-- This site is optimized with the Yoast SEO plugin v27.5 - https:\/\/yoast.com\/product\/yoast-seo-wordpress\/ -->\n<title>MUNZ FLOOR\u00ae \u00e0 Noum\u00e9a en Nouvelle-Cal\u00e9donie<\/title>\n<meta name=\"description\" content=\"Envie d\u2019essayer le MUNZ FLOOR\u00ae \u00e0 Noum\u00e9a en Nouvelle-Cal\u00e9donie ? Une m\u00e9thode douce et efficace pour vous r\u00e9g\u00e9n\u00e9rer !\" \/>\n<meta name=\"robots\" content=\"index, follow, max-snippet:-1, max-image-preview:large, max-video-preview:-1\" \/>\n<link rel=\"canonical\" href=\"https:\/\/weseeyou.fr\/index.php\/munz-floor-noumea-nouvelle-caledonie\/\" \/>\n<meta property=\"og:locale\" content=\"fr_FR\" \/>\n<meta property=\"og:type\" content=\"article\" \/>\n<meta property=\"og:title\" content=\"MUNZ FLOOR\u00ae \u00e0 Noum\u00e9a en Nouvelle-Cal\u00e9donie\" \/>\n<meta property=\"og:description\" content=\"Envie d\u2019essayer le MUNZ FLOOR\u00ae \u00e0 Noum\u00e9a en Nouvelle-Cal\u00e9donie ? Une m\u00e9thode douce et efficace pour vous r\u00e9g\u00e9n\u00e9rer !\" \/>\n<meta property=\"og:url\" content=\"https:\/\/weseeyou.fr\/index.php\/munz-floor-noumea-nouvelle-caledonie\/\" \/>\n<meta property=\"og:site_name\" content=\"We See You, MUNZ FLOOR\u00ae \u00e0 Noum\u00e9a, Nouvelle-Cal\u00e9donie\" \/>\n<meta property=\"article:publisher\" content=\"https:\/\/www.facebook.com\/weseeyou.nc\" \/>\n<meta property=\"article:modified_time\" content=\"2026-04-23T22:28:51+00:00\" \/>\n<meta property=\"og:image\" content=\"https:\/\/weseeyou.fr\/wp-content\/uploads\/2026\/04\/munz-floor-noumea-2.png\" \/>\n\t<meta property=\"og:image:width\" content=\"1080\" \/>\n\t<meta property=\"og:image:height\" content=\"994\" \/>\n\t<meta property=\"og:image:type\" content=\"image\/png\" \/>\n<meta name=\"twitter:card\" content=\"summary_large_image\" \/>\n<meta name=\"twitter:label1\" content=\"Dur\u00e9e de lecture estim\u00e9e\" \/>\n\t<meta name=\"twitter:data1\" content=\"5 minutes\" \/>\n<script type=\"application\/ld+json\" class=\"yoast-schema-graph\">{\"@context\":\"https:\\\/\\\/schema.org\",\"@graph\":[{\"@type\":\"WebPage\",\"@id\":\"https:\\\/\\\/weseeyou.fr\\\/index.php\\\/munz-floor-noumea-nouvelle-caledonie\\\/\",\"url\":\"https:\\\/\\\/weseeyou.fr\\\/index.php\\\/munz-floor-noumea-nouvelle-caledonie\\\/\",\"name\":\"MUNZ FLOOR\u00ae \u00e0 Noum\u00e9a en Nouvelle-Cal\u00e9donie\",\"isPartOf\":{\"@id\":\"https:\\\/\\\/weseeyou.fr\\\/#website\"},\"primaryImageOfPage\":{\"@id\":\"https:\\\/\\\/weseeyou.fr\\\/index.php\\\/munz-floor-noumea-nouvelle-caledonie\\\/#primaryimage\"},\"image\":{\"@id\":\"https:\\\/\\\/weseeyou.fr\\\/index.php\\\/munz-floor-noumea-nouvelle-caledonie\\\/#primaryimage\"},\"thumbnailUrl\":\"https:\\\/\\\/weseeyou.fr\\\/wp-content\\\/uploads\\\/2026\\\/04\\\/munz-floor-noumea-2-1024x942.png\",\"datePublished\":\"2025-01-12T00:55:13+00:00\",\"dateModified\":\"2026-04-23T22:28:51+00:00\",\"description\":\"Envie d\u2019essayer le MUNZ FLOOR\u00ae \u00e0 Noum\u00e9a en Nouvelle-Cal\u00e9donie ? Une m\u00e9thode douce et efficace pour vous r\u00e9g\u00e9n\u00e9rer !\",\"breadcrumb\":{\"@id\":\"https:\\\/\\\/weseeyou.fr\\\/index.php\\\/munz-floor-noumea-nouvelle-caledonie\\\/#breadcrumb\"},\"inLanguage\":\"fr-FR\",\"potentialAction\":[{\"@type\":\"ReadAction\",\"target\":[\"https:\\\/\\\/weseeyou.fr\\\/index.php\\\/munz-floor-noumea-nouvelle-caledonie\\\/\"]}]},{\"@type\":\"ImageObject\",\"inLanguage\":\"fr-FR\",\"@id\":\"https:\\\/\\\/weseeyou.fr\\\/index.php\\\/munz-floor-noumea-nouvelle-caledonie\\\/#primaryimage\",\"url\":\"https:\\\/\\\/weseeyou.fr\\\/wp-content\\\/uploads\\\/2026\\\/04\\\/munz-floor-noumea-2.png\",\"contentUrl\":\"https:\\\/\\\/weseeyou.fr\\\/wp-content\\\/uploads\\\/2026\\\/04\\\/munz-floor-noumea-2.png\",\"width\":1080,\"height\":994},{\"@type\":\"BreadcrumbList\",\"@id\":\"https:\\\/\\\/weseeyou.fr\\\/index.php\\\/munz-floor-noumea-nouvelle-caledonie\\\/#breadcrumb\",\"itemListElement\":[{\"@type\":\"ListItem\",\"position\":1,\"name\":\"Accueil\",\"item\":\"https:\\\/\\\/weseeyou.fr\\\/\"},{\"@type\":\"ListItem\",\"position\":2,\"name\":\"MUNZ FLOOR\u00ae\"}]},{\"@type\":\"WebSite\",\"@id\":\"https:\\\/\\\/weseeyou.fr\\\/#website\",\"url\":\"https:\\\/\\\/weseeyou.fr\\\/\",\"name\":\"We See You\",\"description\":\"\",\"publisher\":{\"@id\":\"https:\\\/\\\/weseeyou.fr\\\/#organization\"},\"potentialAction\":[{\"@type\":\"SearchAction\",\"target\":{\"@type\":\"EntryPoint\",\"urlTemplate\":\"https:\\\/\\\/weseeyou.fr\\\/?s={search_term_string}\"},\"query-input\":{\"@type\":\"PropertyValueSpecification\",\"valueRequired\":true,\"valueName\":\"search_term_string\"}}],\"inLanguage\":\"fr-FR\"},{\"@type\":\"Organization\",\"@id\":\"https:\\\/\\\/weseeyou.fr\\\/#organization\",\"name\":\"We See You\",\"url\":\"https:\\\/\\\/weseeyou.fr\\\/\",\"logo\":{\"@type\":\"ImageObject\",\"inLanguage\":\"fr-FR\",\"@id\":\"https:\\\/\\\/weseeyou.fr\\\/#\\\/schema\\\/logo\\\/image\\\/\",\"url\":\"http:\\\/\\\/weseeyou.fr\\\/wp-content\\\/uploads\\\/2025\\\/04\\\/LOGO_NOIR-scaled.png\",\"contentUrl\":\"http:\\\/\\\/weseeyou.fr\\\/wp-content\\\/uploads\\\/2025\\\/04\\\/LOGO_NOIR-scaled.png\",\"width\":2560,\"height\":1024,\"caption\":\"We See You\"},\"image\":{\"@id\":\"https:\\\/\\\/weseeyou.fr\\\/#\\\/schema\\\/logo\\\/image\\\/\"},\"sameAs\":[\"https:\\\/\\\/www.facebook.com\\\/weseeyou.nc\"]}]}<\/script>\n<!-- \/ Yoast SEO plugin. -->","yoast_head_json":{"title":"MUNZ FLOOR\u00ae \u00e0 Noum\u00e9a en Nouvelle-Cal\u00e9donie","description":"Envie d\u2019essayer le MUNZ FLOOR\u00ae \u00e0 Noum\u00e9a en Nouvelle-Cal\u00e9donie ? Une m\u00e9thode douce et efficace pour vous r\u00e9g\u00e9n\u00e9rer !","robots":{"index":"index","follow":"follow","max-snippet":"max-snippet:-1","max-image-preview":"max-image-preview:large","max-video-preview":"max-video-preview:-1"},"canonical":"https:\/\/weseeyou.fr\/index.php\/munz-floor-noumea-nouvelle-caledonie\/","og_locale":"fr_FR","og_type":"article","og_title":"MUNZ FLOOR\u00ae \u00e0 Noum\u00e9a en Nouvelle-Cal\u00e9donie","og_description":"Envie d\u2019essayer le MUNZ FLOOR\u00ae \u00e0 Noum\u00e9a en Nouvelle-Cal\u00e9donie ? Une m\u00e9thode douce et efficace pour vous r\u00e9g\u00e9n\u00e9rer !","og_url":"https:\/\/weseeyou.fr\/index.php\/munz-floor-noumea-nouvelle-caledonie\/","og_site_name":"We See You, MUNZ FLOOR\u00ae \u00e0 Noum\u00e9a, Nouvelle-Cal\u00e9donie","article_publisher":"https:\/\/www.facebook.com\/weseeyou.nc","article_modified_time":"2026-04-23T22:28:51+00:00","og_image":[{"width":1080,"height":994,"url":"https:\/\/weseeyou.fr\/wp-content\/uploads\/2026\/04\/munz-floor-noumea-2.png","type":"image\/png"}],"twitter_card":"summary_large_image","twitter_misc":{"Dur\u00e9e de lecture estim\u00e9e":"5 minutes"},"schema":{"@context":"https:\/\/schema.org","@graph":[{"@type":"WebPage","@id":"https:\/\/weseeyou.fr\/index.php\/munz-floor-noumea-nouvelle-caledonie\/","url":"https:\/\/weseeyou.fr\/index.php\/munz-floor-noumea-nouvelle-caledonie\/","name":"MUNZ FLOOR\u00ae \u00e0 Noum\u00e9a en Nouvelle-Cal\u00e9donie","isPartOf":{"@id":"https:\/\/weseeyou.fr\/#website"},"primaryImageOfPage":{"@id":"https:\/\/weseeyou.fr\/index.php\/munz-floor-noumea-nouvelle-caledonie\/#primaryimage"},"image":{"@id":"https:\/\/weseeyou.fr\/index.php\/munz-floor-noumea-nouvelle-caledonie\/#primaryimage"},"thumbnailUrl":"https:\/\/weseeyou.fr\/wp-content\/uploads\/2026\/04\/munz-floor-noumea-2-1024x942.png","datePublished":"2025-01-12T00:55:13+00:00","dateModified":"2026-04-23T22:28:51+00:00","description":"Envie d\u2019essayer le MUNZ FLOOR\u00ae \u00e0 Noum\u00e9a en Nouvelle-Cal\u00e9donie ? Une m\u00e9thode douce et efficace pour vous r\u00e9g\u00e9n\u00e9rer !","breadcrumb":{"@id":"https:\/\/weseeyou.fr\/index.php\/munz-floor-noumea-nouvelle-caledonie\/#breadcrumb"},"inLanguage":"fr-FR","potentialAction":[{"@type":"ReadAction","target":["https:\/\/weseeyou.fr\/index.php\/munz-floor-noumea-nouvelle-caledonie\/"]}]},{"@type":"ImageObject","inLanguage":"fr-FR","@id":"https:\/\/weseeyou.fr\/index.php\/munz-floor-noumea-nouvelle-caledonie\/#primaryimage","url":"https:\/\/weseeyou.fr\/wp-content\/uploads\/2026\/04\/munz-floor-noumea-2.png","contentUrl":"https:\/\/weseeyou.fr\/wp-content\/uploads\/2026\/04\/munz-floor-noumea-2.png","width":1080,"height":994},{"@type":"BreadcrumbList","@id":"https:\/\/weseeyou.fr\/index.php\/munz-floor-noumea-nouvelle-caledonie\/#breadcrumb","itemListElement":[{"@type":"ListItem","position":1,"name":"Accueil","item":"https:\/\/weseeyou.fr\/"},{"@type":"ListItem","position":2,"name":"MUNZ FLOOR\u00ae"}]},{"@type":"WebSite","@id":"https:\/\/weseeyou.fr\/#website","url":"https:\/\/weseeyou.fr\/","name":"We See You","description":"","publisher":{"@id":"https:\/\/weseeyou.fr\/#organization"},"potentialAction":[{"@type":"SearchAction","target":{"@type":"EntryPoint","urlTemplate":"https:\/\/weseeyou.fr\/?s={search_term_string}"},"query-input":{"@type":"PropertyValueSpecification","valueRequired":true,"valueName":"search_term_string"}}],"inLanguage":"fr-FR"},{"@type":"Organization","@id":"https:\/\/weseeyou.fr\/#organization","name":"We See You","url":"https:\/\/weseeyou.fr\/","logo":{"@type":"ImageObject","inLanguage":"fr-FR","@id":"https:\/\/weseeyou.fr\/#\/schema\/logo\/image\/","url":"http:\/\/weseeyou.fr\/wp-content\/uploads\/2025\/04\/LOGO_NOIR-scaled.png","contentUrl":"http:\/\/weseeyou.fr\/wp-content\/uploads\/2025\/04\/LOGO_NOIR-scaled.png","width":2560,"height":1024,"caption":"We See You"},"image":{"@id":"https:\/\/weseeyou.fr\/#\/schema\/logo\/image\/"},"sameAs":["https:\/\/www.facebook.com\/weseeyou.nc"]}]}},"_links":{"self":[{"href":"https:\/\/weseeyou.fr\/index.php\/wp-json\/wp\/v2\/pages\/71","targetHints":{"allow":["GET"]}}],"collection":[{"href":"https:\/\/weseeyou.fr\/index.php\/wp-json\/wp\/v2\/pages"}],"about":[{"href":"https:\/\/weseeyou.fr\/index.php\/wp-json\/wp\/v2\/types\/page"}],"author":[{"embeddable":true,"href":"https:\/\/weseeyou.fr\/index.php\/wp-json\/wp\/v2\/users\/1"}],"replies":[{"embeddable":true,"href":"https:\/\/weseeyou.fr\/index.php\/wp-json\/wp\/v2\/comments?post=71"}],"version-history":[{"count":162,"href":"https:\/\/weseeyou.fr\/index.php\/wp-json\/wp\/v2\/pages\/71\/revisions"}],"predecessor-version":[{"id":757,"href":"https:\/\/weseeyou.fr\/index.php\/wp-json\/wp\/v2\/pages\/71\/revisions\/757"}],"wp:attachment":[{"href":"https:\/\/weseeyou.fr\/index.php\/wp-json\/wp\/v2\/media?parent=71"}],"curies":[{"name":"wp","href":"https:\/\/api.w.org\/{rel}","templated":true}]}}