{"id":753,"date":"2026-04-24T09:25:40","date_gmt":"2026-04-23T22:25:40","guid":{"rendered":"https:\/\/weseeyou.fr\/?page_id=753"},"modified":"2026-04-24T09:25:41","modified_gmt":"2026-04-23T22:25:41","slug":"planning","status":"publish","type":"page","link":"https:\/\/weseeyou.fr\/index.php\/planning\/","title":{"rendered":"Planning"},"content":{"rendered":"\n<p>Pour l\u2019instant, seuls les cours de MUNZ FLOOR\u00ae en pr\u00e9sentiel sont propos\u00e9s dans le planning des cours collectifs. Les cours en visioconf\u00e9rence seront organis\u00e9s selon la demande.<br>Actuellement nous proposons les cours de yoga-sophrologie en s\u00e9ance priv\u00e9e uniquement (en individuel ou en groupe), mais nous pourrons en organiser en cours collectif selon vos envies. \ud83c\udf38 Si cela vous appelle, n\u2019h\u00e9sitez pas \u00e0 nous le faire savoir.<\/p>\n\n\n\n<hr class=\"wp-block-separator has-alpha-channel-opacity\"\/>\n\n\n\n<figure class=\"wp-block-image size-large\"><a href=\"https:\/\/weseeyou.fr\/wp-content\/uploads\/2026\/03\/202604-PLANNING-AVRIL-2026-MUNZ-FLOOR-NOUMEA.png\"><img loading=\"lazy\" decoding=\"async\" width=\"1024\" height=\"724\" src=\"https:\/\/weseeyou.fr\/wp-content\/uploads\/2026\/03\/202604-PLANNING-AVRIL-2026-MUNZ-FLOOR-NOUMEA-1024x724.png\" alt=\"\" class=\"wp-image-732\" srcset=\"https:\/\/weseeyou.fr\/wp-content\/uploads\/2026\/03\/202604-PLANNING-AVRIL-2026-MUNZ-FLOOR-NOUMEA-1024x724.png 1024w, https:\/\/weseeyou.fr\/wp-content\/uploads\/2026\/03\/202604-PLANNING-AVRIL-2026-MUNZ-FLOOR-NOUMEA-300x212.png 300w, https:\/\/weseeyou.fr\/wp-content\/uploads\/2026\/03\/202604-PLANNING-AVRIL-2026-MUNZ-FLOOR-NOUMEA-768x543.png 768w, https:\/\/weseeyou.fr\/wp-content\/uploads\/2026\/03\/202604-PLANNING-AVRIL-2026-MUNZ-FLOOR-NOUMEA-1536x1086.png 1536w, https:\/\/weseeyou.fr\/wp-content\/uploads\/2026\/03\/202604-PLANNING-AVRIL-2026-MUNZ-FLOOR-NOUMEA.png 2000w\" sizes=\"auto, (max-width: 1024px) 100vw, 1024px\" \/><\/a><\/figure>\n\n\n\n<hr class=\"wp-block-separator has-alpha-channel-opacity\"\/>\n\n\n\n<figure class=\"wp-block-image size-large\"><a href=\"https:\/\/weseeyou.fr\/wp-content\/uploads\/2026\/03\/202605-PLANNING-MAI-2026-MUNZ-FLOOR-NOUMEA.png\"><img loading=\"lazy\" decoding=\"async\" width=\"1024\" height=\"724\" src=\"https:\/\/weseeyou.fr\/wp-content\/uploads\/2026\/03\/202605-PLANNING-MAI-2026-MUNZ-FLOOR-NOUMEA-1024x724.png\" alt=\"\" class=\"wp-image-734\" srcset=\"https:\/\/weseeyou.fr\/wp-content\/uploads\/2026\/03\/202605-PLANNING-MAI-2026-MUNZ-FLOOR-NOUMEA-1024x724.png 1024w, https:\/\/weseeyou.fr\/wp-content\/uploads\/2026\/03\/202605-PLANNING-MAI-2026-MUNZ-FLOOR-NOUMEA-300x212.png 300w, https:\/\/weseeyou.fr\/wp-content\/uploads\/2026\/03\/202605-PLANNING-MAI-2026-MUNZ-FLOOR-NOUMEA-768x543.png 768w, https:\/\/weseeyou.fr\/wp-content\/uploads\/2026\/03\/202605-PLANNING-MAI-2026-MUNZ-FLOOR-NOUMEA-1536x1086.png 1536w, https:\/\/weseeyou.fr\/wp-content\/uploads\/2026\/03\/202605-PLANNING-MAI-2026-MUNZ-FLOOR-NOUMEA.png 2000w\" sizes=\"auto, (max-width: 1024px) 100vw, 1024px\" \/><\/a><\/figure>\n\n\n\n<hr class=\"wp-block-separator has-alpha-channel-opacity\"\/>\n\n\n\n<h1 class=\"wp-block-heading\">Cours priv\u00e9s individuels ou groupes priv\u00e9s<\/h1>\n\n\n\n<p>MUNZ FLOOR\u00ae et yoga-sophrologie peuvent \u00eatre propos\u00e9s en s\u00e9ance priv\u00e9e, en individuel ou en groupe: sur rendez-vous, selon vos besoins et vos disponibilit\u00e9s.<\/p>\n\n\n\n<p>\ud83d\udc49 N\u2019h\u00e9sitez pas \u00e0 <a data-type=\"page\" data-id=\"188\" href=\"https:\/\/weseeyou.fr\/index.php\/contact\/\">nous contacter<\/a>.<\/p>\n\n\n\n<div style=\"height:40px\" aria-hidden=\"true\" class=\"wp-block-spacer\"><\/div>\n\n\n\n<div class=\"wp-block-group alignfull has-text-color has-background\" style=\"color:#000000;background-color:#ffffff\"><div class=\"wp-block-group__inner-container is-layout-flow wp-block-group-is-layout-flow\">\n<h2 class=\"wp-block-heading has-text-align-center\" id=\"schedule-a-visit\" style=\"font-size:59px;line-height:1.15\"><strong><strong>Aucun cr\u00e9neau ne vous convient ?<\/strong><\/strong><\/h2>\n\n\n\n<p>N&rsquo;h\u00e9sitez pas \u00e0 nous faire part de vos plages horaires id\u00e9ales : en fonction des demandes, nous serons ravis d&rsquo;ouvrir de nouveaux cr\u00e9neaux r\u00e9pondant \u00e0 vos besoins.<\/p>\n\n\n\n<div style=\"height:20px\" aria-hidden=\"true\" class=\"wp-block-spacer\"><\/div>\n\n\n\n<div class=\"wp-block-buttons is-horizontal is-content-justification-center is-layout-flex wp-container-core-buttons-is-layout-499968f5 wp-block-buttons-is-layout-flex\">\n<div class=\"wp-block-button has-custom-width wp-block-button__width-50\"><a class=\"wp-block-button__link has-text-color has-background wp-element-button\" href=\"https:\/\/weseeyou.fr\/index.php\/contact\/\" style=\"border-radius:50px;color:#ffffff;background-color:#000000\">Contactez-nous<\/a><\/div>\n<\/div>\n<\/div><\/div>\n","protected":false},"excerpt":{"rendered":"<p>Pour l\u2019instant, seuls les cours de MUNZ FLOOR\u00ae en pr\u00e9sentiel sont propos\u00e9s dans le planning des cours collectifs. Les cours en visioconf\u00e9rence seront organis\u00e9s selon la demande.Actuellement nous proposons les cours de yoga-sophrologie en s\u00e9ance priv\u00e9e uniquement (en individuel ou en groupe), mais nous pourrons en organiser en cours collectif selon vos envies. \ud83c\udf38 Si [&hellip;]<\/p>\n","protected":false},"author":1,"featured_media":0,"parent":0,"menu_order":0,"comment_status":"closed","ping_status":"closed","template":"","meta":{"footnotes":""},"class_list":["post-753","page","type-page","status-publish","hentry"],"yoast_head":"<!-- This site is optimized with the Yoast SEO plugin v27.4 - https:\/\/yoast.com\/product\/yoast-seo-wordpress\/ -->\n<title>Planning - We See You, MUNZ FLOOR\u00ae \u00e0 Noum\u00e9a, Nouvelle-Cal\u00e9donie<\/title>\n<meta name=\"description\" content=\"MUNZ FLOOR\u00ae \u00e0 Noum\u00e9a, Nouvelle-Cal\u00e9donie\" \/>\n<meta name=\"robots\" content=\"index, follow, max-snippet:-1, max-image-preview:large, max-video-preview:-1\" \/>\n<link rel=\"canonical\" href=\"https:\/\/weseeyou.fr\/index.php\/planning\/\" \/>\n<meta property=\"og:locale\" content=\"fr_FR\" \/>\n<meta property=\"og:type\" content=\"article\" \/>\n<meta property=\"og:title\" content=\"Planning - We See You, MUNZ FLOOR\u00ae \u00e0 Noum\u00e9a, Nouvelle-Cal\u00e9donie\" \/>\n<meta property=\"og:description\" content=\"MUNZ FLOOR\u00ae \u00e0 Noum\u00e9a, Nouvelle-Cal\u00e9donie\" \/>\n<meta property=\"og:url\" content=\"https:\/\/weseeyou.fr\/index.php\/planning\/\" \/>\n<meta property=\"og:site_name\" content=\"We See You, MUNZ FLOOR\u00ae \u00e0 Noum\u00e9a, Nouvelle-Cal\u00e9donie\" \/>\n<meta property=\"article:publisher\" content=\"https:\/\/www.facebook.com\/weseeyou.nc\" \/>\n<meta property=\"article:modified_time\" content=\"2026-04-23T22:25:41+00:00\" \/>\n<meta property=\"og:image\" content=\"https:\/\/weseeyou.fr\/wp-content\/uploads\/2026\/03\/202604-PLANNING-AVRIL-2026-MUNZ-FLOOR-NOUMEA.png\" \/>\n\t<meta property=\"og:image:width\" content=\"2000\" \/>\n\t<meta property=\"og:image:height\" content=\"1414\" \/>\n\t<meta property=\"og:image:type\" content=\"image\/png\" \/>\n<meta name=\"twitter:card\" content=\"summary_large_image\" \/>\n<meta name=\"twitter:label1\" content=\"Dur\u00e9e de lecture estim\u00e9e\" \/>\n\t<meta name=\"twitter:data1\" content=\"2 minutes\" \/>\n<script type=\"application\/ld+json\" class=\"yoast-schema-graph\">{\"@context\":\"https:\\\/\\\/schema.org\",\"@graph\":[{\"@type\":\"WebPage\",\"@id\":\"https:\\\/\\\/weseeyou.fr\\\/index.php\\\/planning\\\/\",\"url\":\"https:\\\/\\\/weseeyou.fr\\\/index.php\\\/planning\\\/\",\"name\":\"Planning - We See You, MUNZ FLOOR\u00ae \u00e0 Noum\u00e9a, Nouvelle-Cal\u00e9donie\",\"isPartOf\":{\"@id\":\"https:\\\/\\\/weseeyou.fr\\\/#website\"},\"primaryImageOfPage\":{\"@id\":\"https:\\\/\\\/weseeyou.fr\\\/index.php\\\/planning\\\/#primaryimage\"},\"image\":{\"@id\":\"https:\\\/\\\/weseeyou.fr\\\/index.php\\\/planning\\\/#primaryimage\"},\"thumbnailUrl\":\"https:\\\/\\\/weseeyou.fr\\\/wp-content\\\/uploads\\\/2026\\\/03\\\/202604-PLANNING-AVRIL-2026-MUNZ-FLOOR-NOUMEA-1024x724.png\",\"datePublished\":\"2026-04-23T22:25:40+00:00\",\"dateModified\":\"2026-04-23T22:25:41+00:00\",\"description\":\"MUNZ FLOOR\u00ae \u00e0 Noum\u00e9a, Nouvelle-Cal\u00e9donie\",\"breadcrumb\":{\"@id\":\"https:\\\/\\\/weseeyou.fr\\\/index.php\\\/planning\\\/#breadcrumb\"},\"inLanguage\":\"fr-FR\",\"potentialAction\":[{\"@type\":\"ReadAction\",\"target\":[\"https:\\\/\\\/weseeyou.fr\\\/index.php\\\/planning\\\/\"]}]},{\"@type\":\"ImageObject\",\"inLanguage\":\"fr-FR\",\"@id\":\"https:\\\/\\\/weseeyou.fr\\\/index.php\\\/planning\\\/#primaryimage\",\"url\":\"https:\\\/\\\/weseeyou.fr\\\/wp-content\\\/uploads\\\/2026\\\/03\\\/202604-PLANNING-AVRIL-2026-MUNZ-FLOOR-NOUMEA.png\",\"contentUrl\":\"https:\\\/\\\/weseeyou.fr\\\/wp-content\\\/uploads\\\/2026\\\/03\\\/202604-PLANNING-AVRIL-2026-MUNZ-FLOOR-NOUMEA.png\",\"width\":2000,\"height\":1414},{\"@type\":\"BreadcrumbList\",\"@id\":\"https:\\\/\\\/weseeyou.fr\\\/index.php\\\/planning\\\/#breadcrumb\",\"itemListElement\":[{\"@type\":\"ListItem\",\"position\":1,\"name\":\"Accueil\",\"item\":\"https:\\\/\\\/weseeyou.fr\\\/\"},{\"@type\":\"ListItem\",\"position\":2,\"name\":\"Planning\"}]},{\"@type\":\"WebSite\",\"@id\":\"https:\\\/\\\/weseeyou.fr\\\/#website\",\"url\":\"https:\\\/\\\/weseeyou.fr\\\/\",\"name\":\"We See You\",\"description\":\"\",\"publisher\":{\"@id\":\"https:\\\/\\\/weseeyou.fr\\\/#organization\"},\"potentialAction\":[{\"@type\":\"SearchAction\",\"target\":{\"@type\":\"EntryPoint\",\"urlTemplate\":\"https:\\\/\\\/weseeyou.fr\\\/?s={search_term_string}\"},\"query-input\":{\"@type\":\"PropertyValueSpecification\",\"valueRequired\":true,\"valueName\":\"search_term_string\"}}],\"inLanguage\":\"fr-FR\"},{\"@type\":\"Organization\",\"@id\":\"https:\\\/\\\/weseeyou.fr\\\/#organization\",\"name\":\"We See You\",\"url\":\"https:\\\/\\\/weseeyou.fr\\\/\",\"logo\":{\"@type\":\"ImageObject\",\"inLanguage\":\"fr-FR\",\"@id\":\"https:\\\/\\\/weseeyou.fr\\\/#\\\/schema\\\/logo\\\/image\\\/\",\"url\":\"http:\\\/\\\/weseeyou.fr\\\/wp-content\\\/uploads\\\/2025\\\/04\\\/LOGO_NOIR-scaled.png\",\"contentUrl\":\"http:\\\/\\\/weseeyou.fr\\\/wp-content\\\/uploads\\\/2025\\\/04\\\/LOGO_NOIR-scaled.png\",\"width\":2560,\"height\":1024,\"caption\":\"We See You\"},\"image\":{\"@id\":\"https:\\\/\\\/weseeyou.fr\\\/#\\\/schema\\\/logo\\\/image\\\/\"},\"sameAs\":[\"https:\\\/\\\/www.facebook.com\\\/weseeyou.nc\"]}]}<\/script>\n<!-- \/ Yoast SEO plugin. -->","yoast_head_json":{"title":"Planning - We See You, MUNZ FLOOR\u00ae \u00e0 Noum\u00e9a, Nouvelle-Cal\u00e9donie","description":"MUNZ FLOOR\u00ae \u00e0 Noum\u00e9a, Nouvelle-Cal\u00e9donie","robots":{"index":"index","follow":"follow","max-snippet":"max-snippet:-1","max-image-preview":"max-image-preview:large","max-video-preview":"max-video-preview:-1"},"canonical":"https:\/\/weseeyou.fr\/index.php\/planning\/","og_locale":"fr_FR","og_type":"article","og_title":"Planning - We See You, MUNZ FLOOR\u00ae \u00e0 Noum\u00e9a, Nouvelle-Cal\u00e9donie","og_description":"MUNZ FLOOR\u00ae \u00e0 Noum\u00e9a, Nouvelle-Cal\u00e9donie","og_url":"https:\/\/weseeyou.fr\/index.php\/planning\/","og_site_name":"We See You, MUNZ FLOOR\u00ae \u00e0 Noum\u00e9a, Nouvelle-Cal\u00e9donie","article_publisher":"https:\/\/www.facebook.com\/weseeyou.nc","article_modified_time":"2026-04-23T22:25:41+00:00","og_image":[{"width":2000,"height":1414,"url":"https:\/\/weseeyou.fr\/wp-content\/uploads\/2026\/03\/202604-PLANNING-AVRIL-2026-MUNZ-FLOOR-NOUMEA.png","type":"image\/png"}],"twitter_card":"summary_large_image","twitter_misc":{"Dur\u00e9e de lecture estim\u00e9e":"2 minutes"},"schema":{"@context":"https:\/\/schema.org","@graph":[{"@type":"WebPage","@id":"https:\/\/weseeyou.fr\/index.php\/planning\/","url":"https:\/\/weseeyou.fr\/index.php\/planning\/","name":"Planning - We See You, MUNZ FLOOR\u00ae \u00e0 Noum\u00e9a, Nouvelle-Cal\u00e9donie","isPartOf":{"@id":"https:\/\/weseeyou.fr\/#website"},"primaryImageOfPage":{"@id":"https:\/\/weseeyou.fr\/index.php\/planning\/#primaryimage"},"image":{"@id":"https:\/\/weseeyou.fr\/index.php\/planning\/#primaryimage"},"thumbnailUrl":"https:\/\/weseeyou.fr\/wp-content\/uploads\/2026\/03\/202604-PLANNING-AVRIL-2026-MUNZ-FLOOR-NOUMEA-1024x724.png","datePublished":"2026-04-23T22:25:40+00:00","dateModified":"2026-04-23T22:25:41+00:00","description":"MUNZ FLOOR\u00ae \u00e0 Noum\u00e9a, Nouvelle-Cal\u00e9donie","breadcrumb":{"@id":"https:\/\/weseeyou.fr\/index.php\/planning\/#breadcrumb"},"inLanguage":"fr-FR","potentialAction":[{"@type":"ReadAction","target":["https:\/\/weseeyou.fr\/index.php\/planning\/"]}]},{"@type":"ImageObject","inLanguage":"fr-FR","@id":"https:\/\/weseeyou.fr\/index.php\/planning\/#primaryimage","url":"https:\/\/weseeyou.fr\/wp-content\/uploads\/2026\/03\/202604-PLANNING-AVRIL-2026-MUNZ-FLOOR-NOUMEA.png","contentUrl":"https:\/\/weseeyou.fr\/wp-content\/uploads\/2026\/03\/202604-PLANNING-AVRIL-2026-MUNZ-FLOOR-NOUMEA.png","width":2000,"height":1414},{"@type":"BreadcrumbList","@id":"https:\/\/weseeyou.fr\/index.php\/planning\/#breadcrumb","itemListElement":[{"@type":"ListItem","position":1,"name":"Accueil","item":"https:\/\/weseeyou.fr\/"},{"@type":"ListItem","position":2,"name":"Planning"}]},{"@type":"WebSite","@id":"https:\/\/weseeyou.fr\/#website","url":"https:\/\/weseeyou.fr\/","name":"We See You","description":"","publisher":{"@id":"https:\/\/weseeyou.fr\/#organization"},"potentialAction":[{"@type":"SearchAction","target":{"@type":"EntryPoint","urlTemplate":"https:\/\/weseeyou.fr\/?s={search_term_string}"},"query-input":{"@type":"PropertyValueSpecification","valueRequired":true,"valueName":"search_term_string"}}],"inLanguage":"fr-FR"},{"@type":"Organization","@id":"https:\/\/weseeyou.fr\/#organization","name":"We See You","url":"https:\/\/weseeyou.fr\/","logo":{"@type":"ImageObject","inLanguage":"fr-FR","@id":"https:\/\/weseeyou.fr\/#\/schema\/logo\/image\/","url":"http:\/\/weseeyou.fr\/wp-content\/uploads\/2025\/04\/LOGO_NOIR-scaled.png","contentUrl":"http:\/\/weseeyou.fr\/wp-content\/uploads\/2025\/04\/LOGO_NOIR-scaled.png","width":2560,"height":1024,"caption":"We See You"},"image":{"@id":"https:\/\/weseeyou.fr\/#\/schema\/logo\/image\/"},"sameAs":["https:\/\/www.facebook.com\/weseeyou.nc"]}]}},"_links":{"self":[{"href":"https:\/\/weseeyou.fr\/index.php\/wp-json\/wp\/v2\/pages\/753","targetHints":{"allow":["GET"]}}],"collection":[{"href":"https:\/\/weseeyou.fr\/index.php\/wp-json\/wp\/v2\/pages"}],"about":[{"href":"https:\/\/weseeyou.fr\/index.php\/wp-json\/wp\/v2\/types\/page"}],"author":[{"embeddable":true,"href":"https:\/\/weseeyou.fr\/index.php\/wp-json\/wp\/v2\/users\/1"}],"replies":[{"embeddable":true,"href":"https:\/\/weseeyou.fr\/index.php\/wp-json\/wp\/v2\/comments?post=753"}],"version-history":[{"count":1,"href":"https:\/\/weseeyou.fr\/index.php\/wp-json\/wp\/v2\/pages\/753\/revisions"}],"predecessor-version":[{"id":754,"href":"https:\/\/weseeyou.fr\/index.php\/wp-json\/wp\/v2\/pages\/753\/revisions\/754"}],"wp:attachment":[{"href":"https:\/\/weseeyou.fr\/index.php\/wp-json\/wp\/v2\/media?parent=753"}],"curies":[{"name":"wp","href":"https:\/\/api.w.org\/{rel}","templated":true}]}}